{"id":4473,"date":"2022-04-13T23:01:01","date_gmt":"2022-04-13T23:01:01","guid":{"rendered":"https:\/\/online.moisesgoiz.com\/?page_id=4473"},"modified":"2023-10-05T18:47:03","modified_gmt":"2023-10-05T18:47:03","slug":"moises-goiz","status":"publish","type":"page","link":"https:\/\/online.moisesgoiz.com\/en\/moises-goiz\/","title":{"rendered":"Mois\u00e9s Goiz"},"content":{"rendered":"<div data-elementor-type=\"wp-page\" data-elementor-id=\"4473\" class=\"elementor elementor-4473\">\n\t\t\t\t\t\t\t\t\t<section class=\"elementor-section elementor-top-section elementor-element elementor-element-fcaf7eb elementor-section-boxed elementor-section-height-default elementor-section-height-default\" data-id=\"fcaf7eb\" data-element_type=\"section\">\n\t\t\t\t\t\t<div class=\"elementor-container elementor-column-gap-default\">\n\t\t\t\t\t<div class=\"elementor-column elementor-col-50 elementor-top-column elementor-element elementor-element-64405a5\" data-id=\"64405a5\" data-element_type=\"column\">\n\t\t\t<div class=\"elementor-widget-wrap elementor-element-populated\">\n\t\t\t\t\t\t\t\t<div class=\"elementor-element elementor-element-af156c1 elementor-widget elementor-widget-image\" data-id=\"af156c1\" data-element_type=\"widget\" data-widget_type=\"image.default\">\n\t\t\t\t<div class=\"elementor-widget-container\">\n\t\t\t\t\t\t\t\t\t\t\t\t\t\t\t<img decoding=\"async\" loading=\"lazy\" width=\"250\" height=\"250\" src=\"https:\/\/online.moisesgoiz.com\/wp-content\/uploads\/2022\/04\/moises_250x250.png\" class=\"attachment-large size-large wp-image-4478\" alt=\"\" srcset=\"https:\/\/online.moisesgoiz.com\/wp-content\/uploads\/2022\/04\/moises_250x250.png 250w, https:\/\/online.moisesgoiz.com\/wp-content\/uploads\/2022\/04\/moises_250x250-100x100.png 100w, https:\/\/online.moisesgoiz.com\/wp-content\/uploads\/2022\/04\/moises_250x250-150x150.png 150w\" sizes=\"(max-width: 250px) 100vw, 250px\" \/>\t\t\t\t\t\t\t\t\t\t\t\t\t\t\t<\/div>\n\t\t\t\t<\/div>\n\t\t\t\t<div class=\"elementor-element elementor-element-fe41ad1 elementor-shape-rounded elementor-grid-0 e-grid-align-center elementor-widget elementor-widget-social-icons\" data-id=\"fe41ad1\" data-element_type=\"widget\" data-widget_type=\"social-icons.default\">\n\t\t\t\t<div class=\"elementor-widget-container\">\n\t\t\t\t\t<div class=\"elementor-social-icons-wrapper elementor-grid\">\n\t\t\t\t\t\t\t<span class=\"elementor-grid-item\">\n\t\t\t\t\t<a class=\"elementor-icon elementor-social-icon elementor-social-icon-facebook elementor-repeater-item-5d3975a\" href=\"https:\/\/www.facebook.com\/moisesgoizmx\" target=\"_blank\">\n\t\t\t\t\t\t<span class=\"elementor-screen-only\">Facebook<\/span>\n\t\t\t\t\t\t<i class=\"fab fa-facebook\"><\/i>\t\t\t\t\t<\/a>\n\t\t\t\t<\/span>\n\t\t\t\t\t\t\t<span class=\"elementor-grid-item\">\n\t\t\t\t\t<a class=\"elementor-icon elementor-social-icon elementor-social-icon-instagram elementor-repeater-item-bae80e9\" href=\"https:\/\/www.instagram.com\/moisesgoizmx\" target=\"_blank\">\n\t\t\t\t\t\t<span class=\"elementor-screen-only\">Instagram<\/span>\n\t\t\t\t\t\t<i class=\"fab fa-instagram\"><\/i>\t\t\t\t\t<\/a>\n\t\t\t\t<\/span>\n\t\t\t\t\t\t\t<span class=\"elementor-grid-item\">\n\t\t\t\t\t<a class=\"elementor-icon elementor-social-icon elementor-social-icon-youtube elementor-repeater-item-de9262a\" href=\"https:\/\/www.youtube.com\/moisesgoiz\" target=\"_blank\">\n\t\t\t\t\t\t<span class=\"elementor-screen-only\">Youtube<\/span>\n\t\t\t\t\t\t<i class=\"fab fa-youtube\"><\/i>\t\t\t\t\t<\/a>\n\t\t\t\t<\/span>\n\t\t\t\t\t<\/div>\n\t\t\t\t<\/div>\n\t\t\t\t<\/div>\n\t\t\t\t\t<\/div>\n\t\t<\/div>\n\t\t\t\t<div class=\"elementor-column elementor-col-50 elementor-top-column elementor-element elementor-element-503680f\" data-id=\"503680f\" data-element_type=\"column\">\n\t\t\t<div class=\"elementor-widget-wrap elementor-element-populated\">\n\t\t\t\t\t\t\t\t<div class=\"elementor-element elementor-element-2486003 elementor-widget elementor-widget-heading\" data-id=\"2486003\" data-element_type=\"widget\" data-widget_type=\"heading.default\">\n\t\t\t\t<div class=\"elementor-widget-container\">\n\t\t\t<h2 class=\"elementor-heading-title elementor-size-default\"><strong>Dr. H.C. Mois\u00e9s Goiz<\/strong><\/h2>\t\t<\/div>\n\t\t\t\t<\/div>\n\t\t\t\t<div class=\"elementor-element elementor-element-a6591aa elementor-widget elementor-widget-text-editor\" data-id=\"a6591aa\" data-element_type=\"widget\" data-widget_type=\"text-editor.default\">\n\t\t\t\t<div class=\"elementor-widget-container\">\n\t\t\t\t\t\t\t<div style=\"text-color: black;\">\n<p><span style=\"color: #000000;\">Your instructor, Dr. h.c. Mois\u00e9s Goiz, studied psychology, is a senior computer technician,\narchitect, specialist in radio frequency and microwave transmission; and specialist in\nneuroimaging interpretation.<\/span><\/p>\n<p><span style=\"color: #000000;\">Over 10 years, he has studied the neurological behavior of hundreds of people, has given\nthousands of sessions and trained expert consultants in Mexico, USA, Spain, Ireland, Brazil,\nBolivia, and Chile.<\/span><\/p>\n<p><span style=\"color: #000000;\">Desarroll\u00f3 el m\u00e9todo C\u00f3dica cuando s<\/span><span style=\"color: #000000;\">e di\u00f3 cuenta que un patr\u00f3n autodestructivo es casi imposible de erradicar. As\u00ed que dedic\u00f3 los \u00faltimos 15 a\u00f1os de su vida a desarrollar soluciones que permite identificar y modificar esos patrones de conducta.<\/span><\/p>\n<p><span style=\"color: #000000;\">Tambi\u00e9n, siendo hijo del Dr. h.c. Isaac Goiz Dur\u00e1n, contin\u00faa el legado de su padre impartiendo cursos de Biomagnetismo.<\/span><\/p>\n<p><span style=\"color: #000000;\"><strong>Studies and awards<\/strong><\/span><\/p>\n<ul>\n<li>Doctorado Honoris Causa por la Academia de Ciencias, Artes, Cultura y Educaci\u00f3n con aval del Ilustre Colegio Oficial de M\u00e9dicos de Madrid. A\u00f1o 2022.<\/li>\n<li>Doctorate Honoris Causa by the Honoris Causa Doctoral Senate AC. 2020.<\/li>\n<li>Consultant of the Secretary of Technological Development of the State of Veracruz.\n2012-2015<\/li>\n<li>Graduate in Psychology, Universidad Veracruzana. 2015<\/li>\n<li>Instructor of Human Capital Training Courses, National Council for Standardization and\nCertification of the Secretary of Public Education. 2015<\/li>\n<li>Director of the \u201cEscuela Libre de Coaching IPSUM\u201d. 2010-2012<\/li>\n<li>Emotional Balance Instructor at Transformaci\u00f3n Humana SC. 2008-2011<\/li>\n<li>Developer of the Bosque de Niebla residential subdivision in the city of Xalapa Veracruz.\n2008-2015<\/li>\n<li>Founder of \u201cDesarrolladora Make It\u201d, a company dedicated to developing business projects.\n2005-2015<\/li>\n<li>Ontological Coach at the \"Escuela Libre de Coaching IPSUM\". 2008<\/li>\n<li>Honorable mention of the National Architecture Award \"Mario J. Pani\" UNAM. 2001<\/li>\n<li>Conference \"Digital Medicine\" during the first International Congress of Medical\nBiomagnetism, the concepts that emerged from this collaboration are the bases of what we\nnow know as Bioenergetics.<\/li>\n<li>Medical Biomagnetism Course, first generation at the CIBM. 2001<\/li>\n<li>Radiofrequency and Microwave Specialist for Telcel, Iusacell, Movistar and Alcatel. 2001 to\n2008<\/li>\n<li>Second place in the National Steel Innovation Award, CANACERO. 2002<\/li>\n<li>Bachelor of Architecture, \u201cUniversidad del Tepeyac\u201d. 2000<\/li>\n<li>Winner of the National Physics Olympiad.1994<\/li>\n<li>Higher Technician in Programming and Computer Science, CB. 1995.<\/li>\n<\/ul>\n<div><\/div>\n<div><b>Mois\u00e9s cuenta con dos publicaciones literarias: INVULNERABLE e \u00bfINCURABLE?&nbsp;<\/b><\/div>\n<div><span style=\"font-size: var(--fontSize);\">Encu\u00e9ntralas en <span style=\"text-decoration: underline; color: #ff9900;\"><strong><a href=\"https:\/\/amazon.com\/author\/moisesgoiz\" style=\"color: #ff9900; text-decoration: underline;\">amazon.com\/author\/moisesgoiz<\/a><\/strong><\/span>&nbsp;<\/span><\/div>\n<div><span style=\"font-size: var(--fontSize);\">&nbsp;<\/span><\/div>\n<div><img decoding=\"async\" loading=\"lazy\" src=\"https:\/\/online.moisesgoiz.com\/wp-content\/uploads\/2023\/10\/Mockup-Invulnerable-e-incurable-128.jpg\" alt=\"\" width=\"1200\" height=\"900\" class=\"alignnone wp-image-6088 size-full\" srcset=\"https:\/\/online.moisesgoiz.com\/wp-content\/uploads\/2023\/10\/Mockup-Invulnerable-e-incurable-128.jpg 1200w, https:\/\/online.moisesgoiz.com\/wp-content\/uploads\/2023\/10\/Mockup-Invulnerable-e-incurable-128-300x225.jpg 300w, https:\/\/online.moisesgoiz.com\/wp-content\/uploads\/2023\/10\/Mockup-Invulnerable-e-incurable-128-1024x768.jpg 1024w, https:\/\/online.moisesgoiz.com\/wp-content\/uploads\/2023\/10\/Mockup-Invulnerable-e-incurable-128-768x576.jpg 768w, https:\/\/online.moisesgoiz.com\/wp-content\/uploads\/2023\/10\/Mockup-Invulnerable-e-incurable-128-16x12.jpg 16w\" sizes=\"(max-width: 1200px) 100vw, 1200px\" \/><\/div>\n<div><\/div>\n<div><\/div>\n<\/div>\t\t\t\t\t\t<\/div>\n\t\t\t\t<\/div>\n\t\t\t\t\t<\/div>\n\t\t<\/div>\n\t\t\t\t\t\t\t<\/div>\n\t\t<\/section>\n\t\t\t\t\t\t\t<\/div>","protected":false},"excerpt":{"rendered":"<p>Facebook Instagram Youtube Dr. H.C. Mois\u00e9s Goiz Tu instructor, el Dr. h.c. Mois\u00e9s Goiz, estudi\u00f3 psicolog\u00eda, es t\u00e9cnico superior en <\/p>","protected":false},"author":1,"featured_media":5761,"parent":0,"menu_order":0,"comment_status":"closed","ping_status":"closed","template":"","meta":{"footnotes":""},"acf":[],"_links":{"self":[{"href":"https:\/\/online.moisesgoiz.com\/en\/wp-json\/wp\/v2\/pages\/4473"}],"collection":[{"href":"https:\/\/online.moisesgoiz.com\/en\/wp-json\/wp\/v2\/pages"}],"about":[{"href":"https:\/\/online.moisesgoiz.com\/en\/wp-json\/wp\/v2\/types\/page"}],"author":[{"embeddable":true,"href":"https:\/\/online.moisesgoiz.com\/en\/wp-json\/wp\/v2\/users\/1"}],"replies":[{"embeddable":true,"href":"https:\/\/online.moisesgoiz.com\/en\/wp-json\/wp\/v2\/comments?post=4473"}],"version-history":[{"count":48,"href":"https:\/\/online.moisesgoiz.com\/en\/wp-json\/wp\/v2\/pages\/4473\/revisions"}],"predecessor-version":[{"id":6094,"href":"https:\/\/online.moisesgoiz.com\/en\/wp-json\/wp\/v2\/pages\/4473\/revisions\/6094"}],"wp:featuredmedia":[{"embeddable":true,"href":"https:\/\/online.moisesgoiz.com\/en\/wp-json\/wp\/v2\/media\/5761"}],"wp:attachment":[{"href":"https:\/\/online.moisesgoiz.com\/en\/wp-json\/wp\/v2\/media?parent=4473"}],"curies":[{"name":"wp","href":"https:\/\/api.w.org\/{rel}","templated":true}]}}