{"id":3,"date":"2020-05-01T13:54:30","date_gmt":"2020-05-01T13:54:30","guid":{"rendered":"https:\/\/online.moisesgoiz.com\/?page_id=3"},"modified":"2023-05-25T20:09:44","modified_gmt":"2023-05-25T20:09:44","slug":"aviso-privacidad","status":"publish","type":"page","link":"https:\/\/online.moisesgoiz.com\/en\/aviso-privacidad\/","title":{"rendered":"Privacy Policy"},"content":{"rendered":"<div data-elementor-type=\"wp-page\" data-elementor-id=\"3\" class=\"elementor elementor-3\">\n\t\t\t\t\t\t\t\t\t<section class=\"elementor-section elementor-top-section elementor-element elementor-element-96076f9 purchase-guide-area ptb-100 elementor-section-boxed elementor-section-height-default elementor-section-height-default\" data-id=\"96076f9\" data-element_type=\"section\">\n\t\t\t\t\t\t<div class=\"elementor-container elementor-column-gap-default\">\n\t\t\t\t\t<div class=\"elementor-column elementor-col-100 elementor-top-column elementor-element elementor-element-3745fd5\" data-id=\"3745fd5\" data-element_type=\"column\">\n\t\t\t<div class=\"elementor-widget-wrap elementor-element-populated\">\n\t\t\t\t\t\t\t\t<section class=\"elementor-section elementor-inner-section elementor-element elementor-element-96afc26 elementor-section-boxed elementor-section-height-default elementor-section-height-default\" data-id=\"96afc26\" data-element_type=\"section\">\n\t\t\t\t\t\t<div class=\"elementor-container elementor-column-gap-default\">\n\t\t\t\t\t<div class=\"elementor-column elementor-col-100 elementor-inner-column elementor-element elementor-element-38c6833 purchase-guide-content\" data-id=\"38c6833\" data-element_type=\"column\">\n\t\t\t<div class=\"elementor-widget-wrap elementor-element-populated\">\n\t\t\t\t\t\t\t\t<div class=\"elementor-element elementor-element-21ceb31 elementor-widget elementor-widget-text-editor\" data-id=\"21ceb31\" data-element_type=\"widget\" data-widget_type=\"text-editor.default\">\n\t\t\t\t<div class=\"elementor-widget-container\">\n\t\t\t\t\t\t\t<h3>1. Introduction<\/h3><p>This Privacy Policy explains what we do with your personal data to provide the services offered on the website <a href=\"https:\/\/www.moisesgoizonline.com\" target=\"_blank\" rel=\"noopener\">https:\/\/www.online.moisesgoiz.com<\/a> (the \"Platform\"), such as the sale and subscription to courses, the creation of your profile on the \"Platform\" , the ability to offer and apply for jobs, communications, etc. (services\"). This policy also explains the data we may collect when you visit the Platform.<\/p><p>In accordance with applicable data law, please note the following:<\/p><p>If you live in a member country of the European Economic Area, this Privacy Policy and the way to process your data will be regulated by the General Data Protection Regulation, or Regulation [EU] 2016\/679 (\u201cGDPR\").<\/p><p>If you live in a country that is not part of the European Economic Area, the processing of your personal data will be regulated by the FEDERAL LAW ON THE PROTECTION OF PERSONAL DATA HELD BY INDIVIDUALS.<\/p><p>The company responsible for personal data is Equilibrio Biomagn\u00e9tico A.C. with tax address at Circuito Quetzales 2, Fuentes de las \u00c1nimas, Xalapa, Ver., M\u00e9xico, 91190 (\"We\" or \"Data Controller\u201d).<\/p><p>You can contact the representative of the Data Controller by sending an e-mail to: <a href=\"mailto:info@moisesgoiz.com\">info@moisesgoiz.com<\/a><\/p><p>In the event that you do not provide the information indicated as mandatory, we may not be able to process your user registration or provide you with the use of some Services that are\navailable on the Platform.<\/p><p>In order to register and browse the Platform, you must be over 16 years of age. Equilibrio Biomagn\u00e9tico AC may use your personal information to verify your age and ensure compliance with this restriction.<\/p><h3>2. Legal basis for the processing of personal data<\/h3><p>The collection and processing of your personal data is primarily based on the contractual and non-contractual relationship you have with us.<\/p><p>When we send you newsletters and Services or when we use the email address you have provided to contact you individually or to recognize you when you return to our website, we do so with informed consent.<\/p><p>The way in which we process the information collected by our cookies is based on the\ninformed consent you have given us, in accordance with current legislation.<\/p><h3>3. Personal information we collect<\/h3><p>To register on the Platform and identify yourself, we will ask for your name and an e-mail\naddress.<\/p><p>To purchase or subscribe to our courses, we will ask for your credit or debit card information,\nincluding the validity date and CVV code. If you wish to pay through PayPal, we will ask you for\nthe e-mail address that you have associated with your account. If you request an invoice, we\nwill ask for your billing information if necessary.<\/p><p>When you visit or use our Services, we record information such as the frequency of use, the\ndate and time you access it, when you view or click on specific content, your course\npreferences, the projects you share, or the content you post. We use that information when you\nsign in and when you read our emails, and we use internet protocol (\"IP\") addresses to identify\nyou and record your use of the Platform.<\/p><p>We do not make decisions based on profiles, beyond the personalization of advertising and for\nthe legitimate prevention of fraud on the Internet.<\/p><p>We obtain information through other platforms, for example, when you register through\nFacebook or similar platforms. This could include personal text or images that are available on\nan external website.<\/p><h3>4. Purpose of processing<\/h3><p>online.moisesgoiz.com, as Data Controller, will process your personal data for the following\npurposes:<\/p><ol><li>Manage your registration as a user of the Platform, to identify you and give you access to\nthe Services that are available to users registered on it.<\/li><li>The development, compliance and execution of the contract for the provision of services\nsuch as the sale or subscription to courses or any other contract that we may have on\nthe Platform. You should keep in mind that:<br \/>You expressly authorize us to process the data required for the activation and payment\nprocess. Card security codes (CVV or CVC) will only be used to process the purchase in\nprogress as part of your payment information and will not be stored or processed later.\nThe consent for the activation of this resource allows your information to be filled in\nautomatically in future purchases, so that you will not have to re-enter the payment\ninformation each time you make a purchase. It will be understood that the data entered\nwill be valid and will be updated in future purchases. You can modify or delete your credit\ncards or your PayPal account at any time through the payment method of the purchase\nform or through the configuration of the payment method of your online.moisesgoiz.com\nsubscription. We store and disclose card information in accordance with international\nsecurity and confidentiality standards for credit and debit cards. For security reasons, the\nuse of this resource may require changes to your password. Remember that the security\nof the Platform also depends on the correct use and storage of confidential passwords.<\/li><li>Recommend jobs that match your profile.<\/li><li>Contact you by e-mail to update you and inform you about contracted resources,\nproducts or services, including security updates of the Platform, whenever necessary\nand reasonable.<\/li><li>Respond to requests or queries that you make through the customer service channels\navailable on our Platform.<\/li><li>We also use your information to generate aggregated non-identifying data. For example,\nto generate statistics about our users, their jobs or areas of expertise, the number of hits\nor clicks on a given course or project, or their demographics.<\/li><\/ol><h3>5. Options<\/h3><p>The provision of the online.moisesgoiz.com service may entail the use of your personal data,\nwith your express consent, to send you personalized advertising related to our products and\nservices, through e-mails or other means of electronic communication, sent by us or by\nexternal collaborators. In order to improve our services, keep in mind that personal information\nrelated to purchases, interests and preferences may be used by Equilibrio Biomagn\u00e9tico AC for\nanalytical purposes, user profile characterization, marketing studies, quality surveys and to\nimprove the interaction with our customers.<\/p><p>You can also cancel your notifications by following the instructions that appear in each\nnotification you receive.<\/p><h3>6. Data retention period<\/h3><p>We will retain your personal data as long as we have a valid contractual relationship and, after\nthat, for the period determined by the obligations derived from the processing of the data or as\nestablished by law.<\/p><h3>7. Data recipients<\/h3><p>To fulfill the purposes indicated in this Privacy Policy, it may be necessary to provide or\ndisclose your personal data to third parties due to the following reasons:<\/p><ul><li>Business transfer: in connection with any reorganization, restructuring, merger or sale, or\nany other transfer of assets, including personnel, provided that the receiving party agrees\nto process your data in accordance with our Privacy Policy.<\/li><li>Service providers: to provide services on our behalf or to help us provide our services.\nFor example, we contract with vendors to perform marketing, advertising,\ncommunication, infrastructure and IT services, to personalize and improve our service, to\nprocess transactions with credit cards or other payment methods, for customer service, analyze and improve data (such as data related to user interaction with our services), and\nto process and manage satisfaction surveys. In order to be efficient, these partners and\nproviders may be located in Mexico or in other countries or territories located outside the\nEuropean Economic Area and may not provide data protection services comparable to\nthose in your country or the European Union.<\/li><\/ul><p>By accepting our Privacy Policy, you specifically authorize us to process and report your\npersonal data to the aforementioned partners and to disclose your personal data to providers\nsuch as processors located outside the European Economic Area for the purposes described\nherein and to offer a complete service. When we disclose personal information when\nexchanging data with countries outside the European Economic Area and other regions with\ndata protection laws, we ensure that the information is transferred in compliance with this\nPrivacy Policy and applicable data protection laws.<\/p><ul><\/ul><h3>8. Data protection rights<\/h3><p>As Data Controller, we are committed to respecting the confidential nature of your personal\ndata and guarantee the full exercise of these rights. At any time, you can exercise the following\nrights:<\/p><ol><li>Right of access. You have the right to confirm whether we are processing your personal\ndata and, if we are, you have the right to obtain a copy of the data and information\nrelated to the processing.<\/li><li>Right of modification. You have the right to correct errors, to modify incomplete or\nerroneous data and to guarantee the authenticity of the information processed.<\/li><li>Right to delete. You have the right to request the deletion of your personal data without\nundue delay, in the event that they have been wrongly processed or if the purpose for\nwhich they have been processed or collected has ceased to exist.<\/li><li>Right to Limit Processing. You have the right to request the suspension of the processing\nof your information if it is illegal or if the accuracy of the data is in question.<\/li><li>Opposition right. You have the right to oppose the processing of your data when it has\nbeen used for direct marketing purposes or when the processing must end due to a\npersonal problem, except when there is a legitimate interest or when it is necessary for\nthe exercise or defense of actions.<\/li><li>Right not to be subjected to personalized decisions. You have the right not to be\nsubjected to a decision based solely on the automatic processing of your data, including\nprofiling, with binding legal effects or that affect you, except when necessary for the\nexecution of a contract, in accordance with the law. , or if you have expressly authorized\nit.<\/li><\/ol><p>In order to exercise these rights, send an e-mail to: info@moisesgoiz.com indicating your (i)\nidentity with the full name and the e-mail address used to register or make purchases at\nonline.moisesgoiz.com, a document identification to verify your identity and (ii) the right or\nrights that you are exercising.<\/p><p>You can also visit the agency that is responsible for supervising data protection in your country\nto register a claim or request the protection of your rights, if you consider it necessary.<\/p><p>The exercise of such rights is free, except when the claims are deliberately unfounded or\nexcessive, in which case the subject will have to pay the costs of the process.<\/p><ol><\/ol><h3>9. Information about cookies<\/h3><p>We use cookies, small files with information related to your browsing on this Platform, mainly to\nenable a better user experience.<\/p><h3>10. Changes<\/h3><p>We will update this Privacy Policy from time to time and in accordance with legal, regulatory or\noperational changes. We will notify you of these changes (including the effective date) as\nrequired by law.<\/p>\t\t\t\t\t\t<\/div>\n\t\t\t\t<\/div>\n\t\t\t\t\t<\/div>\n\t\t<\/div>\n\t\t\t\t\t\t\t<\/div>\n\t\t<\/section>\n\t\t\t\t\t<\/div>\n\t\t<\/div>\n\t\t\t\t\t\t\t<\/div>\n\t\t<\/section>\n\t\t\t\t\t\t\t<\/div>","protected":false},"excerpt":{"rendered":"<p>1. Introducci\u00f3n Esta Pol\u00edtica de Privacidad explica lo que hacemos con tus datos personales para prestar los servicios ofrecidos en <\/p>","protected":false},"author":1,"featured_media":0,"parent":0,"menu_order":0,"comment_status":"closed","ping_status":"closed","template":"","meta":{"footnotes":""},"acf":[],"_links":{"self":[{"href":"https:\/\/online.moisesgoiz.com\/en\/wp-json\/wp\/v2\/pages\/3"}],"collection":[{"href":"https:\/\/online.moisesgoiz.com\/en\/wp-json\/wp\/v2\/pages"}],"about":[{"href":"https:\/\/online.moisesgoiz.com\/en\/wp-json\/wp\/v2\/types\/page"}],"author":[{"embeddable":true,"href":"https:\/\/online.moisesgoiz.com\/en\/wp-json\/wp\/v2\/users\/1"}],"replies":[{"embeddable":true,"href":"https:\/\/online.moisesgoiz.com\/en\/wp-json\/wp\/v2\/comments?post=3"}],"version-history":[{"count":9,"href":"https:\/\/online.moisesgoiz.com\/en\/wp-json\/wp\/v2\/pages\/3\/revisions"}],"predecessor-version":[{"id":5925,"href":"https:\/\/online.moisesgoiz.com\/en\/wp-json\/wp\/v2\/pages\/3\/revisions\/5925"}],"wp:attachment":[{"href":"https:\/\/online.moisesgoiz.com\/en\/wp-json\/wp\/v2\/media?parent=3"}],"curies":[{"name":"wp","href":"https:\/\/api.w.org\/{rel}","templated":true}]}}